{"id":5392,"date":"2025-05-28T11:35:26","date_gmt":"2025-05-28T09:35:26","guid":{"rendered":"https:\/\/www.eco-nova.de\/impressum-2\/"},"modified":"2025-05-28T11:35:26","modified_gmt":"2025-05-28T09:35:26","slug":"impressum-2","status":"publish","type":"page","link":"https:\/\/www.eco-nova.de\/es\/impressum-2\/","title":{"rendered":"Pie de imprenta"},"content":{"rendered":"<!-- Legal document generated by Complianz | GDPR\/CCPA Cookie Consent https:\/\/wordpress.org\/plugins\/complianz-gdpr -->\n<div id=\"cmplz-document\" class=\"cmplz-document impressum cmplz-document-all\"><p><i>This imprint was last updated on 28. octubre 2025.<\/i><\/p><p class=\"cmplz-subtitle\">El propietario de este sitio web es:<\/p><p>Eco-Nova GmbH Ltd.<br>Textilstra\u00dfe 14, 48465 Sch\u00fcttorf<br>Alemania<br>Correo electr\u00f3nico:&nbsp;<span class=\"cmplz-obfuscate\">info@<span class=\"cmplz-fmail-domain\">ex.com<\/span>&#101;&#099;&#111;-n&#111;&#118;&#097;.d&#101;<\/span><br>Tel\u00e9fono: 05923 99 36 0<br>IVA ID: DE160232502<\/p><p class=\"cmplz-subtitle\">El\/los representante(s) legal(es) de Eco-Nova GmbH:<\/p><p>Rudi de Leeuqw<\/p><h2>1. general<\/h2><p>No estamos dispuestos ni obligados a participar en procedimientos de resoluci\u00f3n de litigios ante una junta arbitral de consumo.<\/p><h2>2 La siguiente informaci\u00f3n es obligatoria seg\u00fan la legislaci\u00f3n alemana.<\/h2><\/div>","protected":false},"excerpt":{"rendered":"","protected":false},"author":3,"featured_media":0,"parent":0,"menu_order":0,"comment_status":"closed","ping_status":"closed","template":"","meta":{"_acf_changed":false,"footnotes":""},"class_list":["post-5392","page","type-page","status-publish","hentry"],"acf":[],"yoast_head":"<!-- This site is optimized with the Yoast SEO Premium plugin v27.2 (Yoast SEO v27.3) - https:\/\/yoast.com\/product\/yoast-seo-premium-wordpress\/ -->\n<title>Impressum - Eco Nova<\/title>\n<meta name=\"robots\" content=\"index, follow, max-snippet:-1, max-image-preview:large, max-video-preview:-1\" \/>\n<link rel=\"canonical\" href=\"https:\/\/www.eco-nova.de\/es\/impressum-2\/\" \/>\n<meta property=\"og:locale\" content=\"es_ES\" \/>\n<meta property=\"og:type\" content=\"article\" \/>\n<meta property=\"og:title\" content=\"Impressum\" \/>\n<meta property=\"og:url\" content=\"https:\/\/www.eco-nova.de\/es\/impressum-2\/\" \/>\n<meta property=\"og:site_name\" content=\"Eco Nova\" \/>\n<meta property=\"article:publisher\" content=\"https:\/\/www.facebook.com\/econovagmbh\/\" \/>\n<meta name=\"twitter:card\" content=\"summary_large_image\" \/>\n<script type=\"application\/ld+json\" class=\"yoast-schema-graph\">{\"@context\":\"https:\\\/\\\/schema.org\",\"@graph\":[{\"@type\":\"WebPage\",\"@id\":\"https:\\\/\\\/www.eco-nova.de\\\/impressum-2\\\/\",\"url\":\"https:\\\/\\\/www.eco-nova.de\\\/impressum-2\\\/\",\"name\":\"Impressum - Eco Nova\",\"isPartOf\":{\"@id\":\"https:\\\/\\\/www.eco-nova.de\\\/#website\"},\"datePublished\":\"2025-05-28T09:35:26+00:00\",\"breadcrumb\":{\"@id\":\"https:\\\/\\\/www.eco-nova.de\\\/impressum-2\\\/#breadcrumb\"},\"inLanguage\":\"es\",\"potentialAction\":[{\"@type\":\"ReadAction\",\"target\":[\"https:\\\/\\\/www.eco-nova.de\\\/impressum-2\\\/\"]}]},{\"@type\":\"BreadcrumbList\",\"@id\":\"https:\\\/\\\/www.eco-nova.de\\\/impressum-2\\\/#breadcrumb\",\"itemListElement\":[{\"@type\":\"ListItem\",\"position\":1,\"name\":\"Startseite\",\"item\":\"https:\\\/\\\/www.eco-nova.de\\\/\"},{\"@type\":\"ListItem\",\"position\":2,\"name\":\"Impressum\"}]},{\"@type\":\"WebSite\",\"@id\":\"https:\\\/\\\/www.eco-nova.de\\\/#website\",\"url\":\"https:\\\/\\\/www.eco-nova.de\\\/\",\"name\":\"ECO-NOVA - Industriereiniger ohne Gefahrstoffe\",\"description\":\"Industriereiniger ohne Gefahrstoffe\",\"publisher\":{\"@id\":\"https:\\\/\\\/www.eco-nova.de\\\/#organization\"},\"alternateName\":\"Eco-Nova - Beratung und L\u00f6sung f\u00fcr industrielle Reinigungsprobleme\",\"potentialAction\":[{\"@type\":\"SearchAction\",\"target\":{\"@type\":\"EntryPoint\",\"urlTemplate\":\"https:\\\/\\\/www.eco-nova.de\\\/?s={search_term_string}\"},\"query-input\":{\"@type\":\"PropertyValueSpecification\",\"valueRequired\":true,\"valueName\":\"search_term_string\"}}],\"inLanguage\":\"es\"},{\"@type\":\"Organization\",\"@id\":\"https:\\\/\\\/www.eco-nova.de\\\/#organization\",\"name\":\"ECO-NOVA GmbH\",\"alternateName\":\"Eco-Nova Handelsgesellschaft mbH\",\"url\":\"https:\\\/\\\/www.eco-nova.de\\\/\",\"logo\":{\"@type\":\"ImageObject\",\"inLanguage\":\"es\",\"@id\":\"https:\\\/\\\/www.eco-nova.de\\\/#\\\/schema\\\/logo\\\/image\\\/\",\"url\":\"https:\\\/\\\/www.eco-nova.de\\\/wp-content\\\/uploads\\\/2023\\\/09\\\/2022-ECO-NOVA-Wort-Bildmarke-RGB_Zeichenflaeche-1.jpg\",\"contentUrl\":\"https:\\\/\\\/www.eco-nova.de\\\/wp-content\\\/uploads\\\/2023\\\/09\\\/2022-ECO-NOVA-Wort-Bildmarke-RGB_Zeichenflaeche-1.jpg\",\"width\":2251,\"height\":2251,\"caption\":\"ECO-NOVA GmbH\"},\"image\":{\"@id\":\"https:\\\/\\\/www.eco-nova.de\\\/#\\\/schema\\\/logo\\\/image\\\/\"},\"sameAs\":[\"https:\\\/\\\/www.facebook.com\\\/econovagmbh\\\/\",\"https:\\\/\\\/www.linkedin.com\\\/company\\\/eco-nova-gmbh\\\/\",\"https:\\\/\\\/www.youtube.com\\\/@eco-novagmbh\",\"https:\\\/\\\/www.instagram.com\\\/eco_nova.de\\\/\"],\"description\":\"Eco-Nova unterst\u00fctzt und ber\u00e4t produzierende und industrielle Betriebe bei Reinigungsproblemen. Eco-Nova ist dabei Hersteller von Industriereinigern und vertreibt diese aus eigener Herstellung.\",\"email\":\"info@eco-nova.de\",\"telephone\":\"05923 99 36 0\",\"legalName\":\"Eco-Nova Handelsgesellschaft mbH\",\"foundingDate\":\"1993-10-01\",\"vatID\":\"DE160232502\",\"taxID\":\"55\\\/201\\\/39713\"}]}<\/script>\n<!-- \/ Yoast SEO Premium plugin. -->","yoast_head_json":{"title":"Pie de imprenta - Eco Nova","robots":{"index":"index","follow":"follow","max-snippet":"max-snippet:-1","max-image-preview":"max-image-preview:large","max-video-preview":"max-video-preview:-1"},"canonical":"https:\/\/www.eco-nova.de\/es\/impressum-2\/","og_locale":"es_ES","og_type":"article","og_title":"Impressum","og_url":"https:\/\/www.eco-nova.de\/es\/impressum-2\/","og_site_name":"Eco Nova","article_publisher":"https:\/\/www.facebook.com\/econovagmbh\/","twitter_card":"summary_large_image","schema":{"@context":"https:\/\/schema.org","@graph":[{"@type":"WebPage","@id":"https:\/\/www.eco-nova.de\/impressum-2\/","url":"https:\/\/www.eco-nova.de\/impressum-2\/","name":"Pie de imprenta - Eco Nova","isPartOf":{"@id":"https:\/\/www.eco-nova.de\/#website"},"datePublished":"2025-05-28T09:35:26+00:00","breadcrumb":{"@id":"https:\/\/www.eco-nova.de\/impressum-2\/#breadcrumb"},"inLanguage":"es","potentialAction":[{"@type":"ReadAction","target":["https:\/\/www.eco-nova.de\/impressum-2\/"]}]},{"@type":"BreadcrumbList","@id":"https:\/\/www.eco-nova.de\/impressum-2\/#breadcrumb","itemListElement":[{"@type":"ListItem","position":1,"name":"Startseite","item":"https:\/\/www.eco-nova.de\/"},{"@type":"ListItem","position":2,"name":"Impressum"}]},{"@type":"WebSite","@id":"https:\/\/www.eco-nova.de\/#website","url":"https:\/\/www.eco-nova.de\/","name":"ECO-NOVA - Limpiador industrial sin sustancias peligrosas","description":"Limpiador industrial sin sustancias peligrosas","publisher":{"@id":"https:\/\/www.eco-nova.de\/#organization"},"alternateName":"Eco-Nova - Beratung und L\u00f6sung f\u00fcr industrielle Reinigungsprobleme","potentialAction":[{"@type":"SearchAction","target":{"@type":"EntryPoint","urlTemplate":"https:\/\/www.eco-nova.de\/?s={search_term_string}"},"query-input":{"@type":"PropertyValueSpecification","valueRequired":true,"valueName":"search_term_string"}}],"inLanguage":"es"},{"@type":"Organization","@id":"https:\/\/www.eco-nova.de\/#organization","name":"ECO-NOVA GmbH","alternateName":"Eco-Nova Handelsgesellschaft mbH","url":"https:\/\/www.eco-nova.de\/","logo":{"@type":"ImageObject","inLanguage":"es","@id":"https:\/\/www.eco-nova.de\/#\/schema\/logo\/image\/","url":"https:\/\/www.eco-nova.de\/wp-content\/uploads\/2023\/09\/2022-ECO-NOVA-Wort-Bildmarke-RGB_Zeichenflaeche-1.jpg","contentUrl":"https:\/\/www.eco-nova.de\/wp-content\/uploads\/2023\/09\/2022-ECO-NOVA-Wort-Bildmarke-RGB_Zeichenflaeche-1.jpg","width":2251,"height":2251,"caption":"ECO-NOVA GmbH"},"image":{"@id":"https:\/\/www.eco-nova.de\/#\/schema\/logo\/image\/"},"sameAs":["https:\/\/www.facebook.com\/econovagmbh\/","https:\/\/www.linkedin.com\/company\/eco-nova-gmbh\/","https:\/\/www.youtube.com\/@eco-novagmbh","https:\/\/www.instagram.com\/eco_nova.de\/"],"description":"Eco-Nova apoya y asesora a empresas manufactureras e industriales sobre problemas de limpieza. Eco-Nova es fabricante de limpiadores industriales y los vende de producci\u00f3n propia.","email":"info@eco-nova.de","telephone":"05923 99 36 0","legalName":"Eco-Nova Handelsgesellschaft mbH","foundingDate":"1993-10-01","vatID":"DE160232502","taxID":"55\/201\/39713"}]}},"_links":{"self":[{"href":"https:\/\/www.eco-nova.de\/es\/wp-json\/wp\/v2\/pages\/5392","targetHints":{"allow":["GET"]}}],"collection":[{"href":"https:\/\/www.eco-nova.de\/es\/wp-json\/wp\/v2\/pages"}],"about":[{"href":"https:\/\/www.eco-nova.de\/es\/wp-json\/wp\/v2\/types\/page"}],"author":[{"embeddable":true,"href":"https:\/\/www.eco-nova.de\/es\/wp-json\/wp\/v2\/users\/3"}],"replies":[{"embeddable":true,"href":"https:\/\/www.eco-nova.de\/es\/wp-json\/wp\/v2\/comments?post=5392"}],"version-history":[{"count":0,"href":"https:\/\/www.eco-nova.de\/es\/wp-json\/wp\/v2\/pages\/5392\/revisions"}],"wp:attachment":[{"href":"https:\/\/www.eco-nova.de\/es\/wp-json\/wp\/v2\/media?parent=5392"}],"curies":[{"name":"wp","href":"https:\/\/api.w.org\/{rel}","templated":true}]}}