{"id":5391,"date":"2025-05-28T11:35:26","date_gmt":"2025-05-28T09:35:26","guid":{"rendered":"https:\/\/www.eco-nova.de\/datenschutzerklaerung-eu\/"},"modified":"2025-05-28T11:35:26","modified_gmt":"2025-05-28T09:35:26","slug":"datenschutzerklaerung-eu","status":"publish","type":"page","link":"https:\/\/www.eco-nova.de\/es\/datenschutzerklaerung-eu\/","title":{"rendered":"Pol\u00edtica de privacidad (UE)"},"content":{"rendered":"<!-- Legal document generated by Complianz | GDPR\/CCPA Cookie Consent https:\/\/wordpress.org\/plugins\/complianz-gdpr -->\n<div id=\"cmplz-document\" class=\"cmplz-document privacy-statement cmplz-document-eu\"><p><i>This privacy statement was last updated on 28. octubre 2025 and applies to citizens and legal permanent residents of the European Economic Area and Switzerland.<\/i><br \/><br \/><\/p><p><p>En esta declaraci\u00f3n de privacidad, explicamos lo que hacemos con los datos que obtenemos sobre usted a trav\u00e9s de <a href=\"https:\/\/www.eco-nova.de\/es\">https:\/\/www.eco-nova.de\/es<\/a>. Le recomendamos que lea atentamente esta declaraci\u00f3n. En nuestro tratamiento cumplimos los requisitos de la legislaci\u00f3n sobre privacidad. Esto significa, entre otras cosas, que:<\/p><ul>\n                <li>indicamos claramente los fines para los que tratamos los datos personales. Lo hacemos mediante esta declaraci\u00f3n de privacidad;<\/li>\n                <li>nuestro objetivo es limitar nuestra recopilaci\u00f3n de datos personales a los datos personales necesarios para fines leg\u00edtimos;<\/li>\n                <li>primero solicitamos su consentimiento expl\u00edcito para procesar sus datos personales en los casos que requieran su consentimiento;<\/li>\n                <li>tomamos las medidas de seguridad adecuadas para proteger sus datos personales y tambi\u00e9n se lo exigimos a las partes que procesan datos personales en nuestro nombre;<\/li>\n                <li>respetamos su derecho a acceder a sus datos personales o a rectificarlos o suprimirlos, si as\u00ed lo solicita.<\/li>\n            <\/ul><p>Si tiene alguna pregunta o desea saber exactamente qu\u00e9 datos guardamos de usted, p\u00f3ngase en contacto con nosotros.<\/p><\/p><h2>1 Finalidad, datos y periodo de conservaci\u00f3n<\/h2>Podemos recoger o recibir informaci\u00f3n personal para una serie de fines relacionados con nuestras operaciones comerciales, entre los que se incluyen los siguientes: (haga clic para ampliar)<details class=\"cmplz-dropdown dropdown-privacy-statement\"><summary><div><h3>1.1 Contacto - Por tel\u00e9fono, correo postal, correo electr\u00f3nico y\/o formularios web<\/h3><\/div><\/summary><p class=\"cmplz-subtitle\">Para ello utilizamos los siguientes datos:<\/p><p><ul><li>Un nombre y un apellido<\/li><li>Nombre o alias de la cuenta<\/li><li>Una direcci\u00f3n particular u otra direcci\u00f3n f\u00edsica, incluido el nombre de la calle y el nombre de una ciudad o pueblo<\/li><li>Una direcci\u00f3n de correo electr\u00f3nico<\/li><li>Un n\u00famero de tel\u00e9fono<\/li><\/ul><\/p><p class=\"cmplz-subtitle\">La base sobre la que podemos procesar estos datos es:<\/p><p><a target=\"_blank\" rel=\"noopener noreferrer nofollow\" href=\"https:\/\/cookiedatabase.org\/legal-bases\/#consent\">Previo consentimiento.<\/a><\/p><p class=\"cmplz-subtitle\">Per\u00edodo de conservaci\u00f3n<\/p><p>Conservamos estos datos hasta que finaliza el servicio.<\/p><\/details><details class=\"cmplz-dropdown dropdown-privacy-statement\"><summary><div><h3>1.2 Dar soporte a servicios o productos que un cliente quiere comprar o ha comprado<\/h3><\/div><\/summary><p class=\"cmplz-subtitle\">Para ello utilizamos los siguientes datos:<\/p><p><ul><li>Un nombre y un apellido<\/li><li>Nombre o alias de la cuenta<\/li><li>Una direcci\u00f3n de correo electr\u00f3nico<\/li><li>Un n\u00famero de tel\u00e9fono<\/li><li>Una direcci\u00f3n particular u otra direcci\u00f3n f\u00edsica, incluido el nombre de la calle y el nombre de una ciudad o pueblo<\/li><\/ul><\/p><p class=\"cmplz-subtitle\">La base sobre la que podemos procesar estos datos es:<\/p><p><a target=\"_blank\" rel=\"noopener noreferrer nofollow\" href=\"https:\/\/cookiedatabase.org\/legal-bases\/#consent\">Previo consentimiento.<\/a><\/p><p class=\"cmplz-subtitle\">Per\u00edodo de conservaci\u00f3n<\/p><p>Conservamos estos datos hasta que finaliza el servicio.<\/p><\/details><details class=\"cmplz-dropdown dropdown-privacy-statement\"><summary><div><h3>1.3 Para poder cumplir las obligaciones legales<\/h3><\/div><\/summary><p class=\"cmplz-subtitle\">Para ello utilizamos los siguientes datos:<\/p><p><ul><li>Un nombre y un apellido<\/li><li>Nombre o alias de la cuenta<\/li><li>Una direcci\u00f3n particular u otra direcci\u00f3n f\u00edsica, incluido el nombre de la calle y el nombre de una ciudad o pueblo<\/li><li>Una direcci\u00f3n de correo electr\u00f3nico<\/li><li>Un n\u00famero de tel\u00e9fono<\/li><\/ul><\/p><p class=\"cmplz-subtitle\">La base sobre la que podemos procesar estos datos es:<\/p><p><a target=\"_blank\" rel=\"noopener noreferrer nofollow\" href=\"https:\/\/cookiedatabase.org\/legal-bases\/#consent\">Previo consentimiento.<\/a><\/p><p class=\"cmplz-subtitle\">Per\u00edodo de conservaci\u00f3n<\/p><p>Conservamos estos datos hasta que finaliza el servicio.<\/p><\/details><details class=\"cmplz-dropdown dropdown-privacy-statement\"><summary><div><h3>1.4 Recopilaci\u00f3n y an\u00e1lisis de estad\u00edsticas para mejorar el sitio web.<\/h3><\/div><\/summary><p class=\"cmplz-subtitle\">Para ello utilizamos los siguientes datos:<\/p><p><ul><li>Direcci\u00f3n IP<\/li><\/ul><\/p><p class=\"cmplz-subtitle\">La base sobre la que podemos procesar estos datos es:<\/p><p><a target=\"_blank\" rel=\"noopener noreferrer nofollow\" href=\"https:\/\/cookiedatabase.org\/legal-bases\/#consent\">Previo consentimiento.<\/a><\/p><p class=\"cmplz-subtitle\">Per\u00edodo de conservaci\u00f3n<\/p><p>Conservamos estos datos hasta que finaliza el servicio.<\/p><\/details><h2>2. compartir con otras partes<\/h2><p>S\u00f3lo compartimos estos datos con procesadores y con otros terceros para los que debe obtenerse el consentimiento.<\/p><h2>3. galletas<\/h2><p>Nuestro sitio web utiliza cookies. Para obtener m\u00e1s informaci\u00f3n sobre las cookies, consulte nuestro <a href=\"https:\/\/www.eco-nova.de\/es\/cookie-richtlinie-eu\/\">Pol\u00edtica de cookies<\/a>.&nbsp;<\/p><h2>4 Pr\u00e1cticas de divulgaci\u00f3n<\/h2><p><p>Divulgamos informaci\u00f3n personal si nos lo exige la ley o una orden judicial, en respuesta a un organismo encargado de hacer cumplir la ley, en la medida en que lo permitan otras disposiciones legales, para proporcionar informaci\u00f3n o para una investigaci\u00f3n sobre un asunto relacionado con la seguridad p\u00fablica.<\/p><p>Si nuestro sitio web o nuestra organizaci\u00f3n son adquiridos, vendidos o participan en una fusi\u00f3n o adquisici\u00f3n, sus datos podr\u00e1n ser revelados a nuestros asesores y a los posibles compradores y ser\u00e1n transmitidos a los nuevos propietarios.<\/p><\/p><p>Hemos celebrado un acuerdo de procesamiento de datos con Google.<\/p><p>Google no podr\u00e1 utilizar los datos para otros servicios de Google.<\/p><p>Bloqueamos la inclusi\u00f3n de direcciones IP completas.<\/p><h2>5. seguridad<\/h2><p>Estamos comprometidos con la seguridad de los datos personales. Tomamos las medidas de seguridad adecuadas para limitar el abuso y el acceso no autorizado a los datos personales. Esto garantiza que s\u00f3lo las personas necesarias tengan acceso a sus datos, que el acceso a los datos est\u00e9 protegido y que nuestras medidas de seguridad se revisen peri\u00f3dicamente.<\/p><h2>6 Sitios web de terceros<\/h2><p>Esta declaraci\u00f3n de privacidad no se aplica a los sitios web de terceros conectados mediante enlaces en nuestro sitio web. No podemos garantizar que estos terceros traten sus datos personales de forma fiable o segura. Le recomendamos que lea las declaraciones de privacidad de estos sitios web antes de utilizarlos.<\/p><h2>7 Modificaciones de esta declaraci\u00f3n de privacidad<\/h2><p>Nos reservamos el derecho a modificar esta declaraci\u00f3n de privacidad. Le recomendamos que consulte esta declaraci\u00f3n de privacidad con regularidad para estar al tanto de cualquier cambio. Adem\u00e1s, le informaremos activamente siempre que sea posible.<\/p><h2>8. acceder a sus datos y modificarlos<\/h2><p>Si tiene alguna pregunta o desea saber qu\u00e9 datos personales tenemos sobre usted, p\u00f3ngase en contacto con nosotros. Puede ponerse en contacto con nosotros utilizando la informaci\u00f3n que figura a continuaci\u00f3n. Usted tiene los siguientes derechos:<\/p><ul>\n                <li>Tiene derecho a saber por qu\u00e9 se necesitan sus datos personales, qu\u00e9 ocurrir\u00e1 con ellos y durante cu\u00e1nto tiempo se conservar\u00e1n.<\/li>\n                <li>Derecho de acceso: Tiene derecho a acceder a los datos personales que conozcamos.<\/li>\n                <li>Derecho de rectificaci\u00f3n: tiene derecho a completar, rectificar, suprimir o bloquear sus datos personales siempre que lo desee.<\/li>\n                <li>Si nos da su consentimiento para tratar sus datos, tiene derecho a revocarlo y a que se supriman sus datos personales.<\/li>\n                <li>Derecho a transferir sus datos: tiene derecho a solicitar todos sus datos personales al responsable del tratamiento y transferirlos en su totalidad a otro responsable.<\/li>\n                <li>Derecho de oposici\u00f3n: puede oponerse al tratamiento de sus datos. La cumplimos, salvo que existan motivos justificados para el tratamiento.<\/li>\n            <\/ul><p>Por favor, aseg\u00farese de indicar siempre con claridad qui\u00e9n es usted, para que podamos estar seguros de no modificar o borrar datos de la persona equivocada.<\/p><h2>9. presentar una denuncia<\/h2><p>Si no est\u00e1 satisfecho con la forma en que gestionamos (una queja sobre) el tratamiento de sus datos personales, tiene derecho a presentar una queja ante la Autoridad de Protecci\u00f3n de Datos.<\/p><h2>10. datos de contacto<\/h2><p>Eco-Nova GmbH<br \/>\n        Textilstra\u00dfe 14, 48465 Sch\u00fcttorf<br \/>\n        Alemania<br \/>\n        P\u00e1gina web: <a href=\"https:\/\/www.eco-nova.de\/es\">https:\/\/www.eco-nova.de\/es<\/a> <br \/>\n        Correo electr\u00f3nico: <span class=\"cmplz-obfuscate\">info@<span class=\"cmplz-fmail-domain\">ex.com<\/span>eco&#045;nov&#097;.de<\/span> <br \/>\n        Tel\u00e9fono: 05923 99 36 0<\/p><\/div>","protected":false},"excerpt":{"rendered":"","protected":false},"author":3,"featured_media":0,"parent":0,"menu_order":0,"comment_status":"closed","ping_status":"closed","template":"","meta":{"_acf_changed":false,"footnotes":""},"class_list":["post-5391","page","type-page","status-publish","hentry"],"acf":[],"yoast_head":"<!-- This site is optimized with the Yoast SEO Premium plugin v27.2 (Yoast SEO v27.3) - https:\/\/yoast.com\/product\/yoast-seo-premium-wordpress\/ -->\n<title>Datenschutzerkl\u00e4rung (EU) - Eco Nova<\/title>\n<meta name=\"robots\" content=\"index, follow, max-snippet:-1, max-image-preview:large, max-video-preview:-1\" \/>\n<link rel=\"canonical\" href=\"https:\/\/www.eco-nova.de\/es\/datenschutzerklaerung-eu\/\" \/>\n<meta property=\"og:locale\" content=\"es_ES\" \/>\n<meta property=\"og:type\" content=\"article\" \/>\n<meta property=\"og:title\" content=\"Datenschutzerkl\u00e4rung (EU)\" \/>\n<meta property=\"og:url\" content=\"https:\/\/www.eco-nova.de\/es\/datenschutzerklaerung-eu\/\" \/>\n<meta property=\"og:site_name\" content=\"Eco Nova\" \/>\n<meta property=\"article:publisher\" content=\"https:\/\/www.facebook.com\/econovagmbh\/\" \/>\n<meta name=\"twitter:card\" content=\"summary_large_image\" \/>\n<script type=\"application\/ld+json\" class=\"yoast-schema-graph\">{\"@context\":\"https:\\\/\\\/schema.org\",\"@graph\":[{\"@type\":\"WebPage\",\"@id\":\"https:\\\/\\\/www.eco-nova.de\\\/datenschutzerklaerung-eu\\\/\",\"url\":\"https:\\\/\\\/www.eco-nova.de\\\/datenschutzerklaerung-eu\\\/\",\"name\":\"Datenschutzerkl\u00e4rung (EU) - Eco Nova\",\"isPartOf\":{\"@id\":\"https:\\\/\\\/www.eco-nova.de\\\/#website\"},\"datePublished\":\"2025-05-28T09:35:26+00:00\",\"breadcrumb\":{\"@id\":\"https:\\\/\\\/www.eco-nova.de\\\/datenschutzerklaerung-eu\\\/#breadcrumb\"},\"inLanguage\":\"es\",\"potentialAction\":[{\"@type\":\"ReadAction\",\"target\":[\"https:\\\/\\\/www.eco-nova.de\\\/datenschutzerklaerung-eu\\\/\"]}]},{\"@type\":\"BreadcrumbList\",\"@id\":\"https:\\\/\\\/www.eco-nova.de\\\/datenschutzerklaerung-eu\\\/#breadcrumb\",\"itemListElement\":[{\"@type\":\"ListItem\",\"position\":1,\"name\":\"Startseite\",\"item\":\"https:\\\/\\\/www.eco-nova.de\\\/\"},{\"@type\":\"ListItem\",\"position\":2,\"name\":\"Datenschutzerkl\u00e4rung (EU)\"}]},{\"@type\":\"WebSite\",\"@id\":\"https:\\\/\\\/www.eco-nova.de\\\/#website\",\"url\":\"https:\\\/\\\/www.eco-nova.de\\\/\",\"name\":\"ECO-NOVA - Industriereiniger ohne Gefahrstoffe\",\"description\":\"Industriereiniger ohne Gefahrstoffe\",\"publisher\":{\"@id\":\"https:\\\/\\\/www.eco-nova.de\\\/#organization\"},\"alternateName\":\"Eco-Nova - Beratung und L\u00f6sung f\u00fcr industrielle Reinigungsprobleme\",\"potentialAction\":[{\"@type\":\"SearchAction\",\"target\":{\"@type\":\"EntryPoint\",\"urlTemplate\":\"https:\\\/\\\/www.eco-nova.de\\\/?s={search_term_string}\"},\"query-input\":{\"@type\":\"PropertyValueSpecification\",\"valueRequired\":true,\"valueName\":\"search_term_string\"}}],\"inLanguage\":\"es\"},{\"@type\":\"Organization\",\"@id\":\"https:\\\/\\\/www.eco-nova.de\\\/#organization\",\"name\":\"ECO-NOVA GmbH\",\"alternateName\":\"Eco-Nova Handelsgesellschaft mbH\",\"url\":\"https:\\\/\\\/www.eco-nova.de\\\/\",\"logo\":{\"@type\":\"ImageObject\",\"inLanguage\":\"es\",\"@id\":\"https:\\\/\\\/www.eco-nova.de\\\/#\\\/schema\\\/logo\\\/image\\\/\",\"url\":\"https:\\\/\\\/www.eco-nova.de\\\/wp-content\\\/uploads\\\/2023\\\/09\\\/2022-ECO-NOVA-Wort-Bildmarke-RGB_Zeichenflaeche-1.jpg\",\"contentUrl\":\"https:\\\/\\\/www.eco-nova.de\\\/wp-content\\\/uploads\\\/2023\\\/09\\\/2022-ECO-NOVA-Wort-Bildmarke-RGB_Zeichenflaeche-1.jpg\",\"width\":2251,\"height\":2251,\"caption\":\"ECO-NOVA GmbH\"},\"image\":{\"@id\":\"https:\\\/\\\/www.eco-nova.de\\\/#\\\/schema\\\/logo\\\/image\\\/\"},\"sameAs\":[\"https:\\\/\\\/www.facebook.com\\\/econovagmbh\\\/\",\"https:\\\/\\\/www.linkedin.com\\\/company\\\/eco-nova-gmbh\\\/\",\"https:\\\/\\\/www.youtube.com\\\/@eco-novagmbh\",\"https:\\\/\\\/www.instagram.com\\\/eco_nova.de\\\/\"],\"description\":\"Eco-Nova unterst\u00fctzt und ber\u00e4t produzierende und industrielle Betriebe bei Reinigungsproblemen. Eco-Nova ist dabei Hersteller von Industriereinigern und vertreibt diese aus eigener Herstellung.\",\"email\":\"info@eco-nova.de\",\"telephone\":\"05923 99 36 0\",\"legalName\":\"Eco-Nova Handelsgesellschaft mbH\",\"foundingDate\":\"1993-10-01\",\"vatID\":\"DE160232502\",\"taxID\":\"55\\\/201\\\/39713\"}]}<\/script>\n<!-- \/ Yoast SEO Premium plugin. -->","yoast_head_json":{"title":"Pol\u00edtica de privacidad (EU) - Eco Nova","robots":{"index":"index","follow":"follow","max-snippet":"max-snippet:-1","max-image-preview":"max-image-preview:large","max-video-preview":"max-video-preview:-1"},"canonical":"https:\/\/www.eco-nova.de\/es\/datenschutzerklaerung-eu\/","og_locale":"es_ES","og_type":"article","og_title":"Datenschutzerkl\u00e4rung (EU)","og_url":"https:\/\/www.eco-nova.de\/es\/datenschutzerklaerung-eu\/","og_site_name":"Eco Nova","article_publisher":"https:\/\/www.facebook.com\/econovagmbh\/","twitter_card":"summary_large_image","schema":{"@context":"https:\/\/schema.org","@graph":[{"@type":"WebPage","@id":"https:\/\/www.eco-nova.de\/datenschutzerklaerung-eu\/","url":"https:\/\/www.eco-nova.de\/datenschutzerklaerung-eu\/","name":"Pol\u00edtica de privacidad (EU) - Eco Nova","isPartOf":{"@id":"https:\/\/www.eco-nova.de\/#website"},"datePublished":"2025-05-28T09:35:26+00:00","breadcrumb":{"@id":"https:\/\/www.eco-nova.de\/datenschutzerklaerung-eu\/#breadcrumb"},"inLanguage":"es","potentialAction":[{"@type":"ReadAction","target":["https:\/\/www.eco-nova.de\/datenschutzerklaerung-eu\/"]}]},{"@type":"BreadcrumbList","@id":"https:\/\/www.eco-nova.de\/datenschutzerklaerung-eu\/#breadcrumb","itemListElement":[{"@type":"ListItem","position":1,"name":"Startseite","item":"https:\/\/www.eco-nova.de\/"},{"@type":"ListItem","position":2,"name":"Datenschutzerkl\u00e4rung (EU)"}]},{"@type":"WebSite","@id":"https:\/\/www.eco-nova.de\/#website","url":"https:\/\/www.eco-nova.de\/","name":"ECO-NOVA - Limpiador industrial sin sustancias peligrosas","description":"Limpiador industrial sin sustancias peligrosas","publisher":{"@id":"https:\/\/www.eco-nova.de\/#organization"},"alternateName":"Eco-Nova - Beratung und L\u00f6sung f\u00fcr industrielle Reinigungsprobleme","potentialAction":[{"@type":"SearchAction","target":{"@type":"EntryPoint","urlTemplate":"https:\/\/www.eco-nova.de\/?s={search_term_string}"},"query-input":{"@type":"PropertyValueSpecification","valueRequired":true,"valueName":"search_term_string"}}],"inLanguage":"es"},{"@type":"Organization","@id":"https:\/\/www.eco-nova.de\/#organization","name":"ECO-NOVA GmbH","alternateName":"Eco-Nova Handelsgesellschaft mbH","url":"https:\/\/www.eco-nova.de\/","logo":{"@type":"ImageObject","inLanguage":"es","@id":"https:\/\/www.eco-nova.de\/#\/schema\/logo\/image\/","url":"https:\/\/www.eco-nova.de\/wp-content\/uploads\/2023\/09\/2022-ECO-NOVA-Wort-Bildmarke-RGB_Zeichenflaeche-1.jpg","contentUrl":"https:\/\/www.eco-nova.de\/wp-content\/uploads\/2023\/09\/2022-ECO-NOVA-Wort-Bildmarke-RGB_Zeichenflaeche-1.jpg","width":2251,"height":2251,"caption":"ECO-NOVA GmbH"},"image":{"@id":"https:\/\/www.eco-nova.de\/#\/schema\/logo\/image\/"},"sameAs":["https:\/\/www.facebook.com\/econovagmbh\/","https:\/\/www.linkedin.com\/company\/eco-nova-gmbh\/","https:\/\/www.youtube.com\/@eco-novagmbh","https:\/\/www.instagram.com\/eco_nova.de\/"],"description":"Eco-Nova apoya y asesora a empresas manufactureras e industriales sobre problemas de limpieza. Eco-Nova es fabricante de limpiadores industriales y los vende de producci\u00f3n propia.","email":"info@eco-nova.de","telephone":"05923 99 36 0","legalName":"Eco-Nova Handelsgesellschaft mbH","foundingDate":"1993-10-01","vatID":"DE160232502","taxID":"55\/201\/39713"}]}},"_links":{"self":[{"href":"https:\/\/www.eco-nova.de\/es\/wp-json\/wp\/v2\/pages\/5391","targetHints":{"allow":["GET"]}}],"collection":[{"href":"https:\/\/www.eco-nova.de\/es\/wp-json\/wp\/v2\/pages"}],"about":[{"href":"https:\/\/www.eco-nova.de\/es\/wp-json\/wp\/v2\/types\/page"}],"author":[{"embeddable":true,"href":"https:\/\/www.eco-nova.de\/es\/wp-json\/wp\/v2\/users\/3"}],"replies":[{"embeddable":true,"href":"https:\/\/www.eco-nova.de\/es\/wp-json\/wp\/v2\/comments?post=5391"}],"version-history":[{"count":0,"href":"https:\/\/www.eco-nova.de\/es\/wp-json\/wp\/v2\/pages\/5391\/revisions"}],"wp:attachment":[{"href":"https:\/\/www.eco-nova.de\/es\/wp-json\/wp\/v2\/media?parent=5391"}],"curies":[{"name":"wp","href":"https:\/\/api.w.org\/{rel}","templated":true}]}}